{"id":21577,"date":"2014-06-19T23:45:15","date_gmt":"2014-06-20T02:45:15","guid":{"rendered":"http:\/\/www.hipismoeco.com.br\/blog\/?page_id=21577"},"modified":"2014-11-20T23:30:07","modified_gmt":"2014-11-21T01:30:07","slug":"remunere-o-hipismoco","status":"publish","type":"page","link":"http:\/\/www.hipismoeco.com.br\/blog\/remunere-o-hipismoco\/","title":{"rendered":"Remunere o Hipismo&#038;Co"},"content":{"rendered":"<p>Disponibilizar tempo para escrever sobre um tema que encanta muitas pessoas, deixando as sempre atualizadas sobre o assunto que tanto as interessa, merece uma remunera\u00e7\u00e3o digna. Se voc\u00ea acredita nisso, voc\u00ea pode contribuir agora.<\/p>\n<p><em><strong>Para ajudar a autora receber alguma remunera\u00e7\u00e3o pelo seu trabalho baixe em seu celular o app PicPay por esse link <a href=\"http:\/\/www.picpay.com\/convite?CTO0\">http:\/\/www.picpay.com\/convite?CTO0<\/a> A cada inscri\u00e7\u00e3o, o blog ganha\u00a0 R$1,00. \u00c9 pouco, mas ajuda.\u00a0Voc\u00ea tamb\u00e9m\u00a0ganha R$ 1,00l ao se inscrever. Ou seja\u00a0voc\u00ea ajuda o Hipismo&amp;Co e ainda ganha um trocadinho.<\/strong><\/em><\/p>\n<p>Outra maneira para contribuir com a continuidade do trabalho no <strong>Hipismo&amp;Co<\/strong>, \u00e9\u00a0 fazendo uma doa\u00e7\u00e3o, no valor que desejar, clicando no bot\u00e3o abaixo. Assim o blog seguir\u00e1 sempre com novidades equestres. Fazendo uma doa\u00e7\u00e3o de mais de R$50,00 voc\u00ea ganha um caneca do Hipismo&amp;Co.<\/p>\n<p>Com essa remunera\u00e7\u00e3o a autora poder\u00e1 continuar escrevendo sobre cavalos e hipismo.<\/p>\n<p><!-- INICIO FORMULARIO BOTAO PAGSEGURO --><\/p>\n<form action=\"https:\/\/pagseguro.uol.com.br\/checkout\/v2\/donation.html\" method=\"post\"><!-- N\u00c3O EDITE OS COMANDOS DAS LINHAS ABAIXO --><br \/>\n<input name=\"currency\" type=\"hidden\" value=\"BRL\" \/><br \/>\n<input name=\"receiverEmail\" type=\"hidden\" value=\"juliana@jota.com.br\" \/><br \/>\n<input alt=\"Pague com PagSeguro - \u00e9 r\u00e1pido, gr\u00e1tis e seguro!\" name=\"submit\" src=\"https:\/\/p.simg.uol.com.br\/out\/pagseguro\/i\/botoes\/doacoes\/120x53-doar-laranja.gif\" type=\"image\" \/><\/form>\n<p><!-- FINAL FORMULARIO BOTAO PAGSEGURO --><\/p>\n","protected":false},"excerpt":{"rendered":"<p>Disponibilizar tempo para escrever sobre um tema que encanta muitas pessoas, deixando as sempre atualizadas sobre o assunto que tanto as interessa, merece uma remunera\u00e7\u00e3o digna. Se voc\u00ea acredita nisso, voc\u00ea pode contribuir agora. Para ajudar a autora receber alguma remunera\u00e7\u00e3o pelo seu trabalho baixe em seu celular o app PicPay por esse link http:\/\/www.picpay.com\/convite?CTO0&#8230;<\/p>\n","protected":false},"author":1,"featured_media":0,"parent":0,"menu_order":0,"comment_status":"open","ping_status":"open","template":"","meta":{"jetpack_post_was_ever_published":false,"footnotes":""},"jetpack_shortlink":"https:\/\/wp.me\/P2OUwu-5C1","jetpack_sharing_enabled":true,"_links":{"self":[{"href":"http:\/\/www.hipismoeco.com.br\/blog\/wp-json\/wp\/v2\/pages\/21577"}],"collection":[{"href":"http:\/\/www.hipismoeco.com.br\/blog\/wp-json\/wp\/v2\/pages"}],"about":[{"href":"http:\/\/www.hipismoeco.com.br\/blog\/wp-json\/wp\/v2\/types\/page"}],"author":[{"embeddable":true,"href":"http:\/\/www.hipismoeco.com.br\/blog\/wp-json\/wp\/v2\/users\/1"}],"replies":[{"embeddable":true,"href":"http:\/\/www.hipismoeco.com.br\/blog\/wp-json\/wp\/v2\/comments?post=21577"}],"version-history":[{"count":9,"href":"http:\/\/www.hipismoeco.com.br\/blog\/wp-json\/wp\/v2\/pages\/21577\/revisions"}],"predecessor-version":[{"id":21579,"href":"http:\/\/www.hipismoeco.com.br\/blog\/wp-json\/wp\/v2\/pages\/21577\/revisions\/21579"}],"wp:attachment":[{"href":"http:\/\/www.hipismoeco.com.br\/blog\/wp-json\/wp\/v2\/media?parent=21577"}],"curies":[{"name":"wp","href":"https:\/\/api.w.org\/{rel}","templated":true}]}}