{"id":1727,"date":"2009-06-04T23:22:31","date_gmt":"2009-06-05T02:22:31","guid":{"rendered":"http:\/\/www.hipismoeco.com.br\/blog\/?page_id=1727"},"modified":"2022-07-01T21:05:53","modified_gmt":"2022-07-02T00:05:53","slug":"about","status":"publish","type":"page","link":"http:\/\/www.hipismoeco.com.br\/blog\/about\/","title":{"rendered":"Sobre"},"content":{"rendered":"<p>O <em><strong>Hipismo &amp; Co<\/strong><\/em> \u00e9 o espa\u00e7o dos cavalos e seus cavaleiros.<\/p>\n<p>Paix\u00e3o por cavalos e hipismo define o <strong>Hipismo&amp;Co<\/strong>.<\/p>\n<p>Aqui voc\u00ea encontra not\u00edcias do hipismo, novidades do mercado h\u00edpico e tudo para quem gosta de cavalos e esportes equestres.<\/p>\n<p>O <strong>Hipismo&amp;Co<\/strong> tamb\u00e9m disponibiliza para os atletas dos esportes equestres um sistema para inscri\u00e7\u00f5es em eventos.<\/p>\n<p align=\"center\"><span style=\"color: #999999; font-family: Verdana, Arial, Helvetica, sans-serif; font-size: xx-large;\">SEU EVENTO H\u00cdPICO NO HIPISMO&amp;CO<\/span><\/p>\n<p align=\"center\"><span style=\"color: #66cc99; font-family: Verdana, Arial, Helvetica, sans-serif; font-size: large;\">AQUI SEU EVENTO H\u00cdPICO TEM MUITO MAIS VISIBILIDADE<\/span><\/p>\n<table border=\"0\" cellspacing=\"0\" cellpadding=\"10\" align=\"center\">\n<tbody>\n<tr valign=\"bottom\">\n<td valign=\"top\" height=\"137\">\n<p align=\"justify\"><span style=\"font-family: Verdana, Arial, Helvetica, sans-serif; font-size: small;\"><strong>OFERECEMOS PARA SEU EVENTO<\/strong><\/span><\/p>\n<p align=\"justify\"><span style=\"font-family: Verdana, Arial, Helvetica, sans-serif; font-size: small;\">+ exposi\u00e7\u00e3o<br \/>+ inscri\u00e7\u00f5es online<br \/>+ relat\u00f3rios adminstrativo<br \/>+ atendimento exclusivo<br \/>+ recebimento dos valores das inscri\u00e7\u00f5es diretamente em sua conta banc\u00e1ria<br \/>+ coleta de dados dos concorrentes para eventos nacionais e internacionais<\/span><\/p>\n<\/td>\n<td valign=\"top\">\n<p align=\"justify\"><span style=\"font-family: Verdana, Arial, Helvetica, sans-serif; font-size: small;\"><strong>OFERECEMOS PARA OS ATLETAS<\/strong><\/span><\/p>\n<p align=\"justify\"><span style=\"font-family: Verdana, Arial, Helvetica, sans-serif; font-size: small;\">+ facilidade de pagamento por boleto banc\u00e1rio<br \/>+ lista de inscritos<br \/>+ e-mails de notifica\u00e7\u00f5es sobre status de suas inscri\u00e7\u00f5es<br \/>+ atendimento de suporte por e-mail<br \/>+ hist\u00f3rico de suas inscri\u00e7\u00f5es<br \/>+ seguran\u00e7a e sigilo dos dados<\/span><\/p>\n<\/td>\n<\/tr>\n<\/tbody>\n<\/table>\n\n\n<p><\/p>\n","protected":false},"excerpt":{"rendered":"<p>O Hipismo &amp; Co \u00e9 o espa\u00e7o dos cavalos e seus cavaleiros. Paix\u00e3o por cavalos e hipismo define o Hipismo&amp;Co. Aqui voc\u00ea encontra not\u00edcias do hipismo, novidades do mercado h\u00edpico e tudo para quem gosta de cavalos e esportes equestres. O Hipismo&amp;Co tamb\u00e9m disponibiliza para os atletas dos esportes equestres um sistema para inscri\u00e7\u00f5es em&#8230;<\/p>\n","protected":false},"author":1,"featured_media":0,"parent":0,"menu_order":0,"comment_status":"open","ping_status":"open","template":"page_fullwidth.php","meta":{"jetpack_post_was_ever_published":false,"footnotes":""},"jetpack_shortlink":"https:\/\/wp.me\/P2OUwu-rR","jetpack_sharing_enabled":true,"_links":{"self":[{"href":"http:\/\/www.hipismoeco.com.br\/blog\/wp-json\/wp\/v2\/pages\/1727"}],"collection":[{"href":"http:\/\/www.hipismoeco.com.br\/blog\/wp-json\/wp\/v2\/pages"}],"about":[{"href":"http:\/\/www.hipismoeco.com.br\/blog\/wp-json\/wp\/v2\/types\/page"}],"author":[{"embeddable":true,"href":"http:\/\/www.hipismoeco.com.br\/blog\/wp-json\/wp\/v2\/users\/1"}],"replies":[{"embeddable":true,"href":"http:\/\/www.hipismoeco.com.br\/blog\/wp-json\/wp\/v2\/comments?post=1727"}],"version-history":[{"count":9,"href":"http:\/\/www.hipismoeco.com.br\/blog\/wp-json\/wp\/v2\/pages\/1727\/revisions"}],"predecessor-version":[{"id":31862,"href":"http:\/\/www.hipismoeco.com.br\/blog\/wp-json\/wp\/v2\/pages\/1727\/revisions\/31862"}],"wp:attachment":[{"href":"http:\/\/www.hipismoeco.com.br\/blog\/wp-json\/wp\/v2\/media?parent=1727"}],"curies":[{"name":"wp","href":"https:\/\/api.w.org\/{rel}","templated":true}]}}