{"id":16689,"date":"2013-09-03T18:04:52","date_gmt":"2013-09-03T21:04:52","guid":{"rendered":"http:\/\/www.hipismoeco.com.br\/blog\/?page_id=16689"},"modified":"2013-10-12T21:39:08","modified_gmt":"2013-10-13T00:39:08","slug":"como-me-sinto-no-hipismo-quando-2","status":"publish","type":"page","link":"http:\/\/www.hipismoeco.com.br\/blog\/como-me-sinto-no-hipismo-quando-2\/","title":{"rendered":"Como me sinto no Hipismo quando&#8230;"},"content":{"rendered":"<p>Voc\u00ea conhece o <em><strong><a href=\"http:\/\/comoeumesintoquando.tumblr.com\/\">&#8220;Como me sinto quando&#8221;<\/a><\/strong><\/em>? \u00c9 um Thumblr muito engra\u00e7ado com gifs de situa\u00e7\u00f5es cotidianas e ele foi um dos mais acessados do mundo.<\/p>\n<p>Inspirada nesse Thumblr nasceu a se\u00e7\u00e3o <em><strong>Como me sinto no hipismo quando<\/strong><\/em>&#8230;<\/p>\n<p>Veja\u00a0 se voc\u00ea se identifica com algumas dessas situa\u00e7\u00f5es.<\/p>\n<p><a href=\"http:\/\/www.hipismoeco.com.br\/blog\/category\/como-me-sinto-no-hipismo-quando\/\"><span style=\"color: #c0c0c0;\"><span style=\"color: #000000;\"><em><strong>Como me sinto no hipismo quando<\/strong><\/em>&#8230;<\/span><\/span><\/a><\/p>\n<p><a href=\"http:\/\/www.hipismoeco.com.br\/blog\/category\/como-me-sinto-no-hipismo-quando\/\">Veja aqui as gifs animadas do Hipismo&amp;Co.<\/a><\/p>\n<p>&nbsp;<\/p>\n<p>&nbsp;<\/p>\n","protected":false},"excerpt":{"rendered":"<p>Voc\u00ea conhece o &#8220;Como me sinto quando&#8221;? \u00c9 um Thumblr muito engra\u00e7ado com gifs de situa\u00e7\u00f5es cotidianas e ele foi um dos mais acessados do mundo. Inspirada nesse Thumblr nasceu a se\u00e7\u00e3o Como me sinto no hipismo quando&#8230; Veja\u00a0 se voc\u00ea se identifica com algumas dessas situa\u00e7\u00f5es. Como me sinto no hipismo quando&#8230; Veja aqui&#8230;<\/p>\n","protected":false},"author":1,"featured_media":0,"parent":0,"menu_order":0,"comment_status":"open","ping_status":"open","template":"","meta":{"jetpack_post_was_ever_published":false,"footnotes":""},"jetpack_shortlink":"https:\/\/wp.me\/P2OUwu-4lb","jetpack_sharing_enabled":true,"_links":{"self":[{"href":"http:\/\/www.hipismoeco.com.br\/blog\/wp-json\/wp\/v2\/pages\/16689"}],"collection":[{"href":"http:\/\/www.hipismoeco.com.br\/blog\/wp-json\/wp\/v2\/pages"}],"about":[{"href":"http:\/\/www.hipismoeco.com.br\/blog\/wp-json\/wp\/v2\/types\/page"}],"author":[{"embeddable":true,"href":"http:\/\/www.hipismoeco.com.br\/blog\/wp-json\/wp\/v2\/users\/1"}],"replies":[{"embeddable":true,"href":"http:\/\/www.hipismoeco.com.br\/blog\/wp-json\/wp\/v2\/comments?post=16689"}],"version-history":[{"count":11,"href":"http:\/\/www.hipismoeco.com.br\/blog\/wp-json\/wp\/v2\/pages\/16689\/revisions"}],"predecessor-version":[{"id":17386,"href":"http:\/\/www.hipismoeco.com.br\/blog\/wp-json\/wp\/v2\/pages\/16689\/revisions\/17386"}],"wp:attachment":[{"href":"http:\/\/www.hipismoeco.com.br\/blog\/wp-json\/wp\/v2\/media?parent=16689"}],"curies":[{"name":"wp","href":"https:\/\/api.w.org\/{rel}","templated":true}]}}